{"id":1240,"date":"2021-05-24T09:07:23","date_gmt":"2021-05-24T07:07:23","guid":{"rendered":"https:\/\/karmelitanskaunia.sk\/new\/?page_id=1240"},"modified":"2021-06-11T07:12:18","modified_gmt":"2021-06-11T05:12:18","slug":"modlitba-za-povolania","status":"publish","type":"page","link":"https:\/\/karmelitanskaunia.sk\/new\/modlitba-za-povolania\/","title":{"rendered":"Modlitba za povolania"},"content":{"rendered":"\n<p class=\"has-colibri-color-6-color has-text-color\">\u00d3, Bo\u017ee, prame\u0148, z ktor\u00e9ho poch\u00e1dza ka\u017ed\u00fd dar na budovanie Cirkvi a na sp\u00e1su sveta, po\u0161li svojho Ducha, aby vzbudil v mnoh\u00fdch mlad\u00fdch t\u00fa\u017ebu po forme \u017eivota \u010distoty, chudoby a poslu\u0161nosti, ktor\u00fa si Kristus, tvoj Syn, vybral pre seba, ke\u010f pri\u0161iel na svet, aby plnil tvoju v\u00f4\u013eu.<br>Zvl\u00e1\u0161\u0165 \u0165a pros\u00edme o to, aby kontemplat\u00edvny a apo\u0161tolsk\u00fd ide\u00e1l, ktor\u00fd horel v srdciach karmelit\u00e1nskych sv\u00e4t\u00fdch, zap\u00e1lil mnoh\u00e9 du\u0161e a viedol ich k tomu, aby urobili zo svojho \u017eivota \u00fapln\u00fd dar pre teba a pre bratov.<br>\u00d3, M\u00e1ria, Matka a Kr\u00e1\u013eovn\u00e1 Karmelu, spoj na\u0161u modlitbu s tvojou a urob, aby rodina, ktor\u00e1 sa zverila tvojej materinskej ochrane, sa v\u017edy viac v\u010dle\u0148ovala do srdca Cirkvi, aby \u017eivila l\u00e1sku, z\u00e1pal a plodnos\u0165. Skrze Krista, n\u00e1\u0161ho P\u00e1na. Amen.<\/p>\n","protected":false},"excerpt":{"rendered":"<p>\u00d3, Bo\u017ee, prame\u0148, z ktor\u00e9ho poch\u00e1dza ka\u017ed\u00fd dar na budovanie Cirkvi a na sp\u00e1su sveta, po\u0161li svojho Ducha, aby vzbudil v mnoh\u00fdch mlad\u00fdch t\u00fa\u017ebu po forme \u017eivota \u010distoty, chudoby a poslu\u0161nosti, ktor\u00fa si Kristus, tvoj Syn, vybral pre seba, ke\u010f pri\u0161iel na svet, aby plnil tvoju v\u00f4\u013eu.Zvl\u00e1\u0161\u0165 \u0165a pros\u00edme o to, aby kontemplat\u00edvny a apo\u0161tolsk\u00fd [&hellip;]<\/p>\n","protected":false},"author":1,"featured_media":0,"parent":0,"menu_order":0,"comment_status":"closed","ping_status":"closed","template":"","meta":{"footnotes":""},"class_list":["post-1240","page","type-page","status-publish","hentry"],"_links":{"self":[{"href":"https:\/\/karmelitanskaunia.sk\/new\/wp-json\/wp\/v2\/pages\/1240","targetHints":{"allow":["GET"]}}],"collection":[{"href":"https:\/\/karmelitanskaunia.sk\/new\/wp-json\/wp\/v2\/pages"}],"about":[{"href":"https:\/\/karmelitanskaunia.sk\/new\/wp-json\/wp\/v2\/types\/page"}],"author":[{"embeddable":true,"href":"https:\/\/karmelitanskaunia.sk\/new\/wp-json\/wp\/v2\/users\/1"}],"replies":[{"embeddable":true,"href":"https:\/\/karmelitanskaunia.sk\/new\/wp-json\/wp\/v2\/comments?post=1240"}],"version-history":[{"count":2,"href":"https:\/\/karmelitanskaunia.sk\/new\/wp-json\/wp\/v2\/pages\/1240\/revisions"}],"predecessor-version":[{"id":1301,"href":"https:\/\/karmelitanskaunia.sk\/new\/wp-json\/wp\/v2\/pages\/1240\/revisions\/1301"}],"wp:attachment":[{"href":"https:\/\/karmelitanskaunia.sk\/new\/wp-json\/wp\/v2\/media?parent=1240"}],"curies":[{"name":"wp","href":"https:\/\/api.w.org\/{rel}","templated":true}]}}