{"id":1237,"date":"2021-05-24T09:04:45","date_gmt":"2021-05-24T07:04:45","guid":{"rendered":"https:\/\/karmelitanskaunia.sk\/new\/?page_id=1237"},"modified":"2021-06-11T07:11:41","modified_gmt":"2021-06-11T05:11:41","slug":"z-formule-zasvatenia","status":"publish","type":"page","link":"https:\/\/karmelitanskaunia.sk\/new\/z-formule-zasvatenia\/","title":{"rendered":"Z formule zasv\u00e4tenia"},"content":{"rendered":"\n<p class=\"has-colibri-color-6-color has-text-color\">Nech mi nebesk\u00e1 Cirkev pom\u00e1ha, aby som dok\u00e1zala verne sl\u00fa\u017ei\u0165 pozemskej Cirkvi, aby som vo svete udr\u017eiavala ohe\u0148 Bo\u017eej l\u00e1sky, pracovala pre Bo\u017eiu sl\u00e1vu, v prospech sp\u00e1sy mojej ako aj bratov a sestier, ktor\u00fdm chcem by\u0165 platnou duchovnou oporou a pre apo\u0161tol\u00e1t ohlasuj\u00faci Krista Vykupite\u013ea \u017eij\u00faceho v p\u00e1pe\u017eovi, biskupoch, k\u0148azoch a vo v\u0161etk\u00fdch zasv\u00e4ten\u00fdch du\u0161iach s cie\u013eom r\u00fdchleho a pln\u00e9ho roz\u0161\u00edrenia posolstva sp\u00e1sy.<\/p>\n","protected":false},"excerpt":{"rendered":"<p>Nech mi nebesk\u00e1 Cirkev pom\u00e1ha, aby som dok\u00e1zala verne sl\u00fa\u017ei\u0165 pozemskej Cirkvi, aby som vo svete udr\u017eiavala ohe\u0148 Bo\u017eej l\u00e1sky, pracovala pre Bo\u017eiu sl\u00e1vu, v prospech sp\u00e1sy mojej ako aj bratov a sestier, ktor\u00fdm chcem by\u0165 platnou duchovnou oporou a pre apo\u0161tol\u00e1t ohlasuj\u00faci Krista Vykupite\u013ea \u017eij\u00faceho v p\u00e1pe\u017eovi, biskupoch, k\u0148azoch a vo v\u0161etk\u00fdch zasv\u00e4ten\u00fdch du\u0161iach [&hellip;]<\/p>\n","protected":false},"author":1,"featured_media":0,"parent":0,"menu_order":0,"comment_status":"closed","ping_status":"closed","template":"","meta":{"footnotes":""},"class_list":["post-1237","page","type-page","status-publish","hentry"],"_links":{"self":[{"href":"https:\/\/karmelitanskaunia.sk\/new\/wp-json\/wp\/v2\/pages\/1237","targetHints":{"allow":["GET"]}}],"collection":[{"href":"https:\/\/karmelitanskaunia.sk\/new\/wp-json\/wp\/v2\/pages"}],"about":[{"href":"https:\/\/karmelitanskaunia.sk\/new\/wp-json\/wp\/v2\/types\/page"}],"author":[{"embeddable":true,"href":"https:\/\/karmelitanskaunia.sk\/new\/wp-json\/wp\/v2\/users\/1"}],"replies":[{"embeddable":true,"href":"https:\/\/karmelitanskaunia.sk\/new\/wp-json\/wp\/v2\/comments?post=1237"}],"version-history":[{"count":2,"href":"https:\/\/karmelitanskaunia.sk\/new\/wp-json\/wp\/v2\/pages\/1237\/revisions"}],"predecessor-version":[{"id":1300,"href":"https:\/\/karmelitanskaunia.sk\/new\/wp-json\/wp\/v2\/pages\/1237\/revisions\/1300"}],"wp:attachment":[{"href":"https:\/\/karmelitanskaunia.sk\/new\/wp-json\/wp\/v2\/media?parent=1237"}],"curies":[{"name":"wp","href":"https:\/\/api.w.org\/{rel}","templated":true}]}}