{"id":1219,"date":"2021-04-26T16:53:37","date_gmt":"2021-04-26T14:53:37","guid":{"rendered":"http:\/\/karmelitanskaunia.sk\/new\/?page_id=1219"},"modified":"2021-04-26T16:53:37","modified_gmt":"2021-04-26T14:53:37","slug":"srdce-jezisovo-srdce-unie","status":"publish","type":"page","link":"https:\/\/karmelitanskaunia.sk\/new\/srdce-jezisovo-srdce-unie\/","title":{"rendered":"SRDCE JE\u017dI\u0160OVO, SRDCE \u00daNIE"},"content":{"rendered":"\n<p><strong>SRDCE JE\u017dI\u0160OVO, SRDCE \u00daNIE<\/strong><\/p>\n\n\n\n<p>J\u00fan 1995<\/p>\n\n\n\n<p>Je\u017ei\u0161ovo srdce je a&nbsp;st\u00e1le bude tajomn\u00fdm a&nbsp;nekone\u010dn\u00fdm centrom l\u00e1sky a&nbsp;bolesti. \u201e&#8230;Sic Deus dilexit mundum&#8230;\u201c (Tak Boh miloval svet&#8230;). Pr\u00e1ve pre t\u00fato jeho l\u00e1sku aj \u010dlovek mohol v&nbsp;sebe poc\u00edti\u0165 l\u00e1sku k&nbsp;Bohu. Av\u0161ak nemiloval dostato\u010dne svojho Boha-\u010dloveka, ktor\u00fd za\u0148ho trpel a&nbsp;ktor\u00fd vzdychal: \u201eH\u013ea, srdce, ktor\u00e9 tak milovalo \u013eud\u00ed, ale ktor\u00e9 bolo tak m\u00e1lo milovan\u00e9&#8230;\u201c<\/p>\n\n\n\n<p>&nbsp;&nbsp; A&nbsp;tak to bude v\u017edy: pokia\u013e bude potrebn\u00e9 spasi\u0165 \u010do len jednu du\u0161u, t\u00e1to l\u00e1ska a&nbsp;boles\u0165 bud\u00fa v\u017edy vyjadren\u00edm Je\u017ei\u0161ovho srdca. Preto si mysl\u00edm, \u017ee viac ne\u017e staros\u0165 o&nbsp;to, ak\u00e9 miesto zaujme \u00dania v&nbsp;Karmeli a&nbsp;v&nbsp;Cirkvi, m\u00e1 sa sna\u017ei\u0165 realizova\u0165 v&nbsp;sebe to, aby sa sama stala skuto\u010dn\u00fdm Karmelom a&nbsp;malou Cirkvou. O&nbsp;Karmeli sa hovor\u00ed, \u017ee sa stalo srdcom Cirkvi a&nbsp;srdce Cirkvi zasa nemo\u017eno oddeli\u0165 od Je\u017ei\u0161ovho srdca. Preto tak ako je to v&nbsp;Je\u017ei\u0161ovi, v&nbsp;Cirkvi a&nbsp;na Karmeli, tak sa mus\u00ed&nbsp; v\u0161etko zakoreni\u0165 a&nbsp;rozv\u00edja\u0165 aj v&nbsp;\u00danii.&nbsp; Skrze l\u00e1sku a&nbsp;boles\u0165: Je\u017ei\u0161ovo srdce, srdce Cirkvi, srdce Karmelu a srdce \u00danie, toto v\u0161etko vid\u00edm ako jedin\u00fa vyh\u0148u l\u00e1sky a&nbsp;bolesti, miesto, kde sa stret\u00e1va Bo\u017eia vzne\u0161enos\u0165 s&nbsp;\u013eudskou biedou, nerozdelen\u00fd ohe\u0148 z\u00e1palu a&nbsp;kalich rovnak\u00fdch utrpen\u00ed.<\/p>\n\n\n\n<p>&nbsp;&nbsp; Nez\u00e1le\u017e\u00ed ani tak na tom, \u010do bude \u00dania v&nbsp;Cirkvi robi\u0165, kde sa roz\u0161\u00edri, ako ju bud\u00fa m\u00f4c\u0165 spozna\u0165 in\u00ed, ako sa m\u00e1 sta\u0165 sympatick\u00e1&#8230;Je\u017ei\u0161 sa staral o&nbsp;dve veci: preuk\u00e1za\u0165 svoju l\u00e1sku a&nbsp;spasi\u0165 svojou boles\u0165ou&#8230; Ostatn\u00e9 tomu dobre posl\u00fa\u017eilo: \u010di u\u017e manu\u00e1lna pr\u00e1ca, alebo u\u010denie, staros\u0165 o&nbsp;chor\u00fdch, ako aj bl\u00edzkos\u0165 s&nbsp;priate\u013emi, hosanna \u010di ukri\u017euj. Bol milovan\u00fd ale aj opusten\u00fd, tlieskali mu, a&nbsp;ods\u00fadili ho, \u017eehnali mu, a&nbsp;ukri\u017eovali ho.<\/p>\n\n\n\n<p>&nbsp;&nbsp; Toto v\u0161etko malo ur\u010dit\u00fd v\u00fdznam. Ale to, \u010do dalo v\u0161etk\u00e9mu skuto\u010dn\u00fa cenu, bolo Je\u017ei\u0161ovo srdce, ktor\u00e9 je schopn\u00e9 milova\u0165 takou l\u00e1skou, akou je schopn\u00fd milova\u0165 len Boh a&nbsp;schopn\u00e9 trpie\u0165 pre n\u00e1s, nako\u013eko to vy\u017eaduje bieda cel\u00e9ho sveta.<\/p>\n\n\n\n<p>&nbsp;&nbsp; Je\u017ei\u0161ovo srdce, bu\u010f srdcom na\u0161ej \u00danie!<\/p>\n","protected":false},"excerpt":{"rendered":"<p>SRDCE JE\u017dI\u0160OVO, SRDCE \u00daNIE J\u00fan 1995 Je\u017ei\u0161ovo srdce je a&nbsp;st\u00e1le bude tajomn\u00fdm a&nbsp;nekone\u010dn\u00fdm centrom l\u00e1sky a&nbsp;bolesti. \u201e&#8230;Sic Deus dilexit mundum&#8230;\u201c (Tak Boh miloval svet&#8230;). Pr\u00e1ve pre t\u00fato jeho l\u00e1sku aj \u010dlovek mohol v&nbsp;sebe poc\u00edti\u0165 l\u00e1sku k&nbsp;Bohu. Av\u0161ak nemiloval dostato\u010dne svojho Boha-\u010dloveka, ktor\u00fd za\u0148ho trpel a&nbsp;ktor\u00fd vzdychal: \u201eH\u013ea, srdce, ktor\u00e9 tak milovalo \u013eud\u00ed, ale ktor\u00e9 bolo [&hellip;]<\/p>\n","protected":false},"author":1,"featured_media":0,"parent":0,"menu_order":0,"comment_status":"closed","ping_status":"closed","template":"","meta":{"footnotes":""},"class_list":["post-1219","page","type-page","status-publish","hentry"],"_links":{"self":[{"href":"https:\/\/karmelitanskaunia.sk\/new\/wp-json\/wp\/v2\/pages\/1219","targetHints":{"allow":["GET"]}}],"collection":[{"href":"https:\/\/karmelitanskaunia.sk\/new\/wp-json\/wp\/v2\/pages"}],"about":[{"href":"https:\/\/karmelitanskaunia.sk\/new\/wp-json\/wp\/v2\/types\/page"}],"author":[{"embeddable":true,"href":"https:\/\/karmelitanskaunia.sk\/new\/wp-json\/wp\/v2\/users\/1"}],"replies":[{"embeddable":true,"href":"https:\/\/karmelitanskaunia.sk\/new\/wp-json\/wp\/v2\/comments?post=1219"}],"version-history":[{"count":1,"href":"https:\/\/karmelitanskaunia.sk\/new\/wp-json\/wp\/v2\/pages\/1219\/revisions"}],"predecessor-version":[{"id":1220,"href":"https:\/\/karmelitanskaunia.sk\/new\/wp-json\/wp\/v2\/pages\/1219\/revisions\/1220"}],"wp:attachment":[{"href":"https:\/\/karmelitanskaunia.sk\/new\/wp-json\/wp\/v2\/media?parent=1219"}],"curies":[{"name":"wp","href":"https:\/\/api.w.org\/{rel}","templated":true}]}}